{"id":2436,"date":"2026-01-12T11:39:36","date_gmt":"2026-01-12T10:39:36","guid":{"rendered":"https:\/\/laurencechevallier.com\/?post_type=product&#038;p=2436"},"modified":"2026-03-24T14:36:48","modified_gmt":"2026-03-24T13:36:48","slug":"bloody-black-pearl-poche-prevente-sur-amazon","status":"publish","type":"product","link":"https:\/\/laurencechevallier.com\/en\/product\/bloody-black-pearl-poche-prevente-sur-amazon\/","title":{"rendered":"Bloody Black Pearl (Poche) &#8211; Pr\u00e9vente sur Amazon"},"content":{"rendered":"","protected":false},"excerpt":{"rendered":"<p>SORTIE : 24 JUIN 2026<\/p>\n<p>Bienvenue au Bloody Black Pearl !<\/p>\n<p>&nbsp;<\/p>\n<p>Quand vous tournerez la premi\u00e8re page de ce livre, vous entrerez dans le temple du Rock ! Un pub parisien o\u00f9 tout peut arriver. M\u00eame la rencontre de Tony, caissi\u00e8re et barmaid \u00e0 ses heures, et Max, un pilote de ligne surnomm\u00e9 Air Flight par celle qui va tourmenter sa vie bien rang\u00e9e.<\/p>\n<p>Si vous aimez la musique et vous marrer, alors poussez les portes du sanctuaire de la romance trash, de la com\u00e9die sur fond de rock. Si vous avez quelque chose contre les sc\u00e8nes sulfureuses et le langage fleuri, passez votre chemin. Ici, vous \u00eates au Bloody Black Pearl, \u00e7a rocke s\u00e9v\u00e8re ! Au-del\u00e0 de la musique que crachent les enceintes, quel meilleur endroit pour trouver l\u2019amour&#8230;<\/p>\n<p>Celui qui nous tombe dessus.<\/p>\n<p>Celui que l\u2019on ne pr\u00e9m\u00e9dite pas.<\/p>\n<p>Au-del\u00e0 des diff\u00e9rences.<\/p>\n<p>Au-del\u00e0 des pr\u00e9jug\u00e9s.<\/p>\n<p>Celui de Max et Tony.<\/p>","protected":false},"featured_media":2532,"template":"","meta":[],"product_brand":[114],"product_cat":[118,101],"product_tag":[],"class_list":{"0":"post-2436","1":"product","2":"type-product","3":"status-publish","4":"has-post-thumbnail","6":"product_author-laurence-chevallier","7":"product_brand-hugo-romance","8":"product_cat-hugo-romance","9":"product_cat-new-romance","11":"first","12":"instock","13":"taxable","14":"shipping-taxable","15":"product-type-external"},"aioseo_notices":[],"_links":{"self":[{"href":"https:\/\/laurencechevallier.com\/en\/wp-json\/wp\/v2\/product\/2436","targetHints":{"allow":["GET"]}}],"collection":[{"href":"https:\/\/laurencechevallier.com\/en\/wp-json\/wp\/v2\/product"}],"about":[{"href":"https:\/\/laurencechevallier.com\/en\/wp-json\/wp\/v2\/types\/product"}],"wp:featuredmedia":[{"embeddable":true,"href":"https:\/\/laurencechevallier.com\/en\/wp-json\/wp\/v2\/media\/2532"}],"wp:attachment":[{"href":"https:\/\/laurencechevallier.com\/en\/wp-json\/wp\/v2\/media?parent=2436"}],"wp:term":[{"taxonomy":"product_brand","embeddable":true,"href":"https:\/\/laurencechevallier.com\/en\/wp-json\/wp\/v2\/product_brand?post=2436"},{"taxonomy":"product_cat","embeddable":true,"href":"https:\/\/laurencechevallier.com\/en\/wp-json\/wp\/v2\/product_cat?post=2436"},{"taxonomy":"product_tag","embeddable":true,"href":"https:\/\/laurencechevallier.com\/en\/wp-json\/wp\/v2\/product_tag?post=2436"}],"curies":[{"name":"wp","href":"https:\/\/api.w.org\/{rel}","templated":true}]}}