{"id":2228,"date":"2026-01-02T19:55:37","date_gmt":"2026-01-02T18:55:37","guid":{"rendered":"https:\/\/laurencechevallier.com\/?post_type=product&#038;p=2228"},"modified":"2026-03-24T14:03:18","modified_gmt":"2026-03-24T13:03:18","slug":"love-on-the-run-broche","status":"publish","type":"product","link":"https:\/\/laurencechevallier.com\/en\/product\/love-on-the-run-broche\/","title":{"rendered":"Love on the run (Broch\u00e9)"},"content":{"rendered":"","protected":false},"excerpt":{"rendered":"<p>Une seule fois en stock en boutique<br \/>\nDERNIERS EXEMPLAIRES<br \/>\n&nbsp;<\/p>\n<p>Cette \u00e9dition ne sera qu&rsquo;une seule fois disponible \u00e0 la commande en boutique. C&rsquo;est le moment d&rsquo;en profiter \ud83d\ude09<\/p>\n<p>&nbsp;<\/p>\n<p> \t1 marque page, un magnet et une carte postale illustr\u00e9e sont offerts.\u00a0<\/p>\n<p>R\u00e9sum\u00e9 :\u00a0<br \/>\n&nbsp;<br \/>\nPlan A : l\u2019\u00e9liminer discr\u00e8tement.<br \/>\nPlan B : tomber amoureux.<br \/>\nSpoiler : il a rat\u00e9 le plan A.<br \/>\n&nbsp;<\/p>\n<p>Entre une rupture et un scandale dans les tablo\u00efds, Tillie ne s\u2019attendait pas \u00e0 ajouter \u00ab t\u00e9moin d\u2019un meurtre \u00bb \u00e0 sa to-do list ni \u00e0 fr\u00f4ler la mort dans la foul\u00e9e. Sauvetage h\u00e9ro\u00efque ? Plut\u00f4t enl\u00e8vement express par un type canon et franchement louche pr\u00e9nomm\u00e9 Ash.<br \/>\nLa voil\u00e0 embarqu\u00e9e au fin fond du Wyoming, dans un chalet paum\u00e9, avec un inconnu qui semble avoir oubli\u00e9 de lui confier un petit d\u00e9tail : c\u2019est lui le criminel qu\u2019elle cherche \u00e0 fuir.<br \/>\nEntre ses complices pas ravis de voir d\u00e9bouler une \u00ab civile \u00bb, les mensonges \u00e0 r\u00e9p\u00e9tition et une tension palpable (du genre \u00ab je te d\u00e9teste, mais enl\u00e8ve ton pull \u00bb), Tillie tente de survivre au c\u0153ur d\u2019un pi\u00e8ge qu\u2019elle ne soup\u00e7onne pas.<br \/>\nMais dans ce huis clos givr\u00e9, entre secrets, sarcasmes et regards br\u00fblants, l\u2019amour pourrait bien d\u00e9cider de s\u2019inviter.<br \/>\n\u00c0 ses risques et p\u00e9rils&#8230;<\/p>\n<p>&nbsp;<\/p>\n<p>(Com\u00e9die romantique &#8211; RomCom)<\/p>","protected":false},"featured_media":2554,"template":"","meta":[],"product_brand":[117],"product_cat":[95,112,101],"product_tag":[],"class_list":{"0":"post-2228","1":"product","2":"type-product","3":"status-publish","4":"has-post-thumbnail","6":"product_author-laurence-chevallier","7":"product_brand-black-queen-editions","8":"product_cat-broches","9":"product_cat-comedie-romantique","10":"product_cat-new-romance","12":"first","13":"instock","14":"taxable","15":"shipping-taxable","16":"purchasable","17":"product-type-simple"},"aioseo_notices":[],"_links":{"self":[{"href":"https:\/\/laurencechevallier.com\/en\/wp-json\/wp\/v2\/product\/2228","targetHints":{"allow":["GET"]}}],"collection":[{"href":"https:\/\/laurencechevallier.com\/en\/wp-json\/wp\/v2\/product"}],"about":[{"href":"https:\/\/laurencechevallier.com\/en\/wp-json\/wp\/v2\/types\/product"}],"wp:featuredmedia":[{"embeddable":true,"href":"https:\/\/laurencechevallier.com\/en\/wp-json\/wp\/v2\/media\/2554"}],"wp:attachment":[{"href":"https:\/\/laurencechevallier.com\/en\/wp-json\/wp\/v2\/media?parent=2228"}],"wp:term":[{"taxonomy":"product_brand","embeddable":true,"href":"https:\/\/laurencechevallier.com\/en\/wp-json\/wp\/v2\/product_brand?post=2228"},{"taxonomy":"product_cat","embeddable":true,"href":"https:\/\/laurencechevallier.com\/en\/wp-json\/wp\/v2\/product_cat?post=2228"},{"taxonomy":"product_tag","embeddable":true,"href":"https:\/\/laurencechevallier.com\/en\/wp-json\/wp\/v2\/product_tag?post=2228"}],"curies":[{"name":"wp","href":"https:\/\/api.w.org\/{rel}","templated":true}]}}