{"id":2163,"date":"2021-12-17T18:23:59","date_gmt":"2021-12-17T17:23:59","guid":{"rendered":"https:\/\/laurencechevallier.com\/?post_type=product&#038;p=2163"},"modified":"2026-03-18T18:39:10","modified_gmt":"2026-03-18T17:39:10","slug":"destockage-drewid-1-broche","status":"publish","type":"product","link":"https:\/\/laurencechevallier.com\/en\/product\/destockage-drewid-1-broche\/","title":{"rendered":"Destockage &#8211; Drewid 1 (Broch\u00e9)"},"content":{"rendered":"","protected":false},"excerpt":{"rendered":"<p>Destockage li\u00e9 \u00e0 la fabrication par l&rsquo;imprimeur du roman avec un grammage inf\u00e9rieur \u00e0 celui distribu\u00e9 sur Amazon (pages moins \u00e9paisses).<br \/>\n \tRoman neuf.<\/p>\n<p>&nbsp;<\/p>\n<p>\ud835\ude1c\ud835\ude2f \ud835\ude2e\ud835\ude22\ud835\ude33\ud835\ude32\ud835\ude36\ud835\ude26-\ud835\ude31\ud835\ude22\ud835\ude28\ud835\ude26 \ud835\ude26\ud835\ude35 \ud835\ude36\ud835\ude2f\ud835\ude26 \ud835\ude24\ud835\ude22\ud835\ude33\ud835\ude35\ud835\ude26 \ud835\ude31\ud835\ude30\ud835\ude34\ud835\ude35\ud835\ude22\ud835\ude2d\ud835\ude26 \ud835\ude25\ud835\ude26 \ud835\ude2d&rsquo;\ud835\ude2a\ud835\ude2d\ud835\ude2d\ud835\ude36\ud835\ude34\ud835\ude35\ud835\ude33\ud835\ude22\ud835\ude35\ud835\ude2a\ud835\ude30\ud835\ude2f \ud835\ude33\ud835\ude26\u0301\ud835\ude22\ud835\ude2d\ud835\ude2a\ud835\ude34\ud835\ude26\u0301\ud835\ude26 \ud835\ude31\ud835\ude22\ud835\ude33 \ud835\ude15\ud835\ude2a\ud835\ude24\ud835\ude30\ud835\ude2d\ud835\ude22\ud835\ude34 \ud835\ude11\ud835\ude22\ud835\ude2e\ud835\ude30\ud835\ude2f\ud835\ude2f\ud835\ude26\ud835\ude22\ud835\ude36 \ud835\ude34\ud835\ude30\ud835\ude2f\ud835\ude35 \ud835\ude2a\ud835\ude2f\ud835\ude24\ud835\ude2d\ud835\ude36\ud835\ude34 \ud835\ude28\ud835\ude33\ud835\ude22\ud835\ude35\ud835\ude36\ud835\ude2a\ud835\ude35\ud835\ude26\ud835\ude2e\ud835\ude26\ud835\ude2f\ud835\ude35.<\/p>\n<p>&nbsp;<\/p>\n<p>Dans un royaume dissimul\u00e9 aux yeux des Hommes, une princesse est mari\u00e9e de force \u00e0 un seigneur qui n\u2019a que du m\u00e9pris pour elle. Leur union fera basculer un empire&#8230;<\/p>\n<p>Tristan et Nova ignorent tout l\u2019un de l\u2019autre lorsqu\u2019ils sont contraints de se marier pour unir leurs familles au pass\u00e9 tragique.<br \/>\nAu lendemain des noces, tout bascule lors d\u2019un myst\u00e9rieux drame.<br \/>\nNova se r\u00e9veille seule et amn\u00e9sique, forc\u00e9e de reconstruire sa vie dans un monde qu\u2019elle ne conna\u00eet pas.<br \/>\nTristan est condamn\u00e9 \u00e0 l\u2019exil.<br \/>\nQuand le destin les rapproche \u00e0 nouveau et les oblige \u00e0 cohabiter, ils n\u2019ont plus d\u2019autre choix que de se d\u00e9couvrir.<br \/>\nMais Nova ne sait pas qui elle est, ni pourquoi Tristan la d\u00e9teste.<\/p>\n<p>Si les \u00e9poux maudits tombaient amoureux, tout un peuple serait en grand p\u00e9ril\u2026<\/p>\n<p>Mythes celtes, intrigues, suspense, amour, mensonges et trahisons : bienvenue sous les d\u00f4mes de Drewid&#8230;<\/p>\n<p>DARK ROMANTASY\u00a0(destin\u00e9e \u00e0 un public majeur et averti)\u00a0<\/p>","protected":false},"featured_media":2164,"template":"","meta":[],"product_brand":[117],"product_cat":[103,108,98,100,109],"product_tag":[],"class_list":{"0":"post-2163","1":"product","2":"type-product","3":"status-publish","4":"has-post-thumbnail","6":"product_author-laurence-chevallier","7":"product_brand-black-queen-editions","8":"product_cat-dark-romance","9":"product_cat-dark-romantasy","10":"product_cat-destockage","11":"product_cat-fantasy","12":"product_cat-romantasy","14":"first","15":"instock","16":"sale","17":"taxable","18":"shipping-taxable","19":"purchasable","20":"product-type-simple"},"aioseo_notices":[],"_links":{"self":[{"href":"https:\/\/laurencechevallier.com\/en\/wp-json\/wp\/v2\/product\/2163","targetHints":{"allow":["GET"]}}],"collection":[{"href":"https:\/\/laurencechevallier.com\/en\/wp-json\/wp\/v2\/product"}],"about":[{"href":"https:\/\/laurencechevallier.com\/en\/wp-json\/wp\/v2\/types\/product"}],"wp:featuredmedia":[{"embeddable":true,"href":"https:\/\/laurencechevallier.com\/en\/wp-json\/wp\/v2\/media\/2164"}],"wp:attachment":[{"href":"https:\/\/laurencechevallier.com\/en\/wp-json\/wp\/v2\/media?parent=2163"}],"wp:term":[{"taxonomy":"product_brand","embeddable":true,"href":"https:\/\/laurencechevallier.com\/en\/wp-json\/wp\/v2\/product_brand?post=2163"},{"taxonomy":"product_cat","embeddable":true,"href":"https:\/\/laurencechevallier.com\/en\/wp-json\/wp\/v2\/product_cat?post=2163"},{"taxonomy":"product_tag","embeddable":true,"href":"https:\/\/laurencechevallier.com\/en\/wp-json\/wp\/v2\/product_tag?post=2163"}],"curies":[{"name":"wp","href":"https:\/\/api.w.org\/{rel}","templated":true}]}}