{"id":2162,"date":"2021-10-22T18:13:44","date_gmt":"2021-10-22T16:13:44","guid":{"rendered":"https:\/\/laurencechevallier.com\/?post_type=product&#038;p=2162"},"modified":"2026-03-18T18:39:10","modified_gmt":"2026-03-18T17:39:10","slug":"destockage-witch-wolf-broche","status":"publish","type":"product","link":"https:\/\/laurencechevallier.com\/en\/product\/destockage-witch-wolf-broche\/","title":{"rendered":"Destockage &#8211; Witch Wolf (Broch\u00e9)"},"content":{"rendered":"","protected":false},"excerpt":{"rendered":"<p>Destockage li\u00e9 \u00e0 la fabrication par l&rsquo;imprimeur du roman avec un grammage inf\u00e9rieur \u00e0 celui distribu\u00e9 sur Amazon (pages moins \u00e9paisses).<br \/>\n \tRoman neuf.<\/p>\n<p>&nbsp;<\/p>\n<p>\ud835\ude1c\ud835\ude2f \ud835\ude2e\ud835\ude22\ud835\ude33\ud835\ude32\ud835\ude36\ud835\ude26-\ud835\ude31\ud835\ude22\ud835\ude28\ud835\ude26 \ud835\ude26\ud835\ude35 \ud835\ude36\ud835\ude2f\ud835\ude26 \ud835\ude24\ud835\ude22\ud835\ude33\ud835\ude35\ud835\ude26 \ud835\ude31\ud835\ude30\ud835\ude34\ud835\ude35\ud835\ude22\ud835\ude2d\ud835\ude26 \ud835\ude25\ud835\ude26 \ud835\ude2d&rsquo;\ud835\ude2a\ud835\ude2d\ud835\ude2d\ud835\ude36\ud835\ude34\ud835\ude35\ud835\ude33\ud835\ude22\ud835\ude35\ud835\ude2a\ud835\ude30\ud835\ude2f \ud835\ude33\ud835\ude26\u0301\ud835\ude22\ud835\ude2d\ud835\ude2a\ud835\ude34\ud835\ude26\u0301\ud835\ude26 \ud835\ude31\ud835\ude22\ud835\ude33 \ud835\ude15\ud835\ude2a\ud835\ude24\ud835\ude30\ud835\ude2d\ud835\ude22\ud835\ude34 \ud835\ude11\ud835\ude22\ud835\ude2e\ud835\ude30\ud835\ude2f\ud835\ude2f\ud835\ude26\ud835\ude22\ud835\ude36 \ud835\ude34\ud835\ude30\ud835\ude2f\ud835\ude35 \ud835\ude2a\ud835\ude2f\ud835\ude24\ud835\ude2d\ud835\ude36\ud835\ude34 \ud835\ude28\ud835\ude33\ud835\ude22\ud835\ude35\ud835\ude36\ud835\ude2a\ud835\ude35\ud835\ude26\ud835\ude2e\ud835\ude26\ud835\ude2f\ud835\ude35.<\/p>\n<p>&nbsp;<\/p>\n<p>Quand trois sorci\u00e8res sont t\u00e9moins d\u2019un drame, tout bascule dans le monde des ombres\u2026<br \/>\nDes amies aussi proches que des s\u0153urs, contraintes de se dissimuler parmi les loups, pour sauver leurs vies\u2026<\/p>\n<p>S\u2019il y a bien un endroit au monde o\u00f9 la magie est puissante, c\u2019est \u00e0 Fallen Creek.<br \/>\nLes descendants des plus puissants sorciers y demeurent.<br \/>\nLes loups y pullulent.<br \/>\nLes vampires s\u2019y terrent.<br \/>\nTrois races d\u2019\u00eatres magiques ou mal\u00e9fiques.<br \/>\nTrois races qui n\u2019ont pas le droit de se m\u00e9langer.<br \/>\nTrois races qui arpentent les rues de cette petite ville de Caroline du Nord, \u00e0 l\u2019abri du regard des humains.<br \/>\nPoint de d\u00e9mons, puisque le mal s\u2019affranchit des races.<br \/>\nChacune de ces cr\u00e9atures saigne.<br \/>\nAime.<br \/>\nD\u00e9teste.<br \/>\nOu r\u00e9pond \u00e0 l\u2019instinct que lui dicte sa nature.<br \/>\nAlors si vous tournez ces pages, pr\u00e9parez-vous \u00e0 entrer dans un univers obscur.<br \/>\nUn univers gouvern\u00e9 par des r\u00e8gles impitoyables.<br \/>\nUn univers o\u00f9 de strictes coutumes r\u00e9gissent des si\u00e8cles d\u2019existence<\/p>\n<p>Article 1 : On ne se m\u00e9lange pas, sous peine de mort<br \/>\nArticle 2 : On ne trahit pas, sous peine de mort<br \/>\nArticle 3 : On ne se montre pas, sous peine de mort<\/p>","protected":false},"featured_media":2166,"template":"","meta":[],"product_brand":[117],"product_cat":[110,98,100,109,111],"product_tag":[],"class_list":{"0":"post-2162","1":"product","2":"type-product","3":"status-publish","4":"has-post-thumbnail","6":"product_author-emilie-chevallier","7":"product_author-laurence-chevallier","8":"product_author-sienna-pratt","9":"product_brand-black-queen-editions","10":"product_cat-bit-lit","11":"product_cat-destockage","12":"product_cat-fantasy","13":"product_cat-romantasy","14":"product_cat-urban-fantasy","16":"first","17":"instock","18":"sale","19":"taxable","20":"shipping-taxable","21":"purchasable","22":"product-type-simple"},"aioseo_notices":[],"_links":{"self":[{"href":"https:\/\/laurencechevallier.com\/en\/wp-json\/wp\/v2\/product\/2162","targetHints":{"allow":["GET"]}}],"collection":[{"href":"https:\/\/laurencechevallier.com\/en\/wp-json\/wp\/v2\/product"}],"about":[{"href":"https:\/\/laurencechevallier.com\/en\/wp-json\/wp\/v2\/types\/product"}],"wp:featuredmedia":[{"embeddable":true,"href":"https:\/\/laurencechevallier.com\/en\/wp-json\/wp\/v2\/media\/2166"}],"wp:attachment":[{"href":"https:\/\/laurencechevallier.com\/en\/wp-json\/wp\/v2\/media?parent=2162"}],"wp:term":[{"taxonomy":"product_brand","embeddable":true,"href":"https:\/\/laurencechevallier.com\/en\/wp-json\/wp\/v2\/product_brand?post=2162"},{"taxonomy":"product_cat","embeddable":true,"href":"https:\/\/laurencechevallier.com\/en\/wp-json\/wp\/v2\/product_cat?post=2162"},{"taxonomy":"product_tag","embeddable":true,"href":"https:\/\/laurencechevallier.com\/en\/wp-json\/wp\/v2\/product_tag?post=2162"}],"curies":[{"name":"wp","href":"https:\/\/api.w.org\/{rel}","templated":true}]}}