{"id":2095,"date":"2025-07-17T22:51:51","date_gmt":"2025-07-17T20:51:51","guid":{"rendered":"https:\/\/laurencechevallier.com\/?post_type=product&#038;p=2095"},"modified":"2026-04-15T11:18:03","modified_gmt":"2026-04-15T09:18:03","slug":"olympiaque","status":"publish","type":"product","link":"https:\/\/laurencechevallier.com\/en\/product\/olympiaque\/","title":{"rendered":"OLYMPIAQUE"},"content":{"rendered":"","protected":false},"excerpt":{"rendered":"<p>Deux cartes postales en couleur, deux magnets et un marque-page offerts.<br \/>\n&nbsp;<br \/>\nPlongez dans un monde o\u00f9 les mythes grecs prennent vie dans une romantasy envo\u00fbtante !\u00a0<br \/>\nPr\u00e9parez-vous \u00e0 d\u00e9couvrir une histoire riche en intrigues, en complots et en passions d\u00e9vorantes.\u00a0<br \/>\nDans les ombres du mont Olympe, des dieux aux pouvoirs incommensurables tissent des fils invisibles, orchestrant des \u00e9v\u00e9nements qui changeront \u00e0 jamais le destin des mortels. Entre alliances inattendues et trahisons d\u00e9chirantes, nos h\u00e9ros devront naviguer \u00e0 travers un labyrinthe d&rsquo;\u00e9motions et de myst\u00e8res pour trouver leur place dans ce jeu divin.<br \/>\nL&rsquo;amour, tel un feu sacr\u00e9, br\u00fblera au c\u0153ur de cette \u00e9pop\u00e9e, d\u00e9fiant les lois des dieux et des hommes. Seront-ils capables de surmonter les obstacles dress\u00e9s par le destin et de s&rsquo;unir malgr\u00e9 les temp\u00eates qui se profilent \u00e0 l&rsquo;horizon ?<br \/>\nQue les Dieux de l&rsquo;Olympe soient avec vous dans cette aventure \u00e9pique o\u00f9 chaque page est une promesse d&rsquo;\u00e9vasion\u00a0!<\/p>","protected":false},"featured_media":2031,"template":"","meta":[],"product_brand":[117],"product_cat":[108,100,109,94],"product_tag":[],"class_list":{"0":"post-2095","1":"product","2":"type-product","3":"status-publish","4":"has-post-thumbnail","6":"product_author-laurence-chevallier","7":"product_brand-black-queen-editions","8":"product_cat-dark-romantasy","9":"product_cat-fantasy","10":"product_cat-romantasy","11":"product_cat-univers","13":"first","14":"instock","15":"taxable","16":"shipping-taxable","17":"purchasable","18":"product-type-woosg"},"aioseo_notices":[],"_links":{"self":[{"href":"https:\/\/laurencechevallier.com\/en\/wp-json\/wp\/v2\/product\/2095","targetHints":{"allow":["GET"]}}],"collection":[{"href":"https:\/\/laurencechevallier.com\/en\/wp-json\/wp\/v2\/product"}],"about":[{"href":"https:\/\/laurencechevallier.com\/en\/wp-json\/wp\/v2\/types\/product"}],"wp:featuredmedia":[{"embeddable":true,"href":"https:\/\/laurencechevallier.com\/en\/wp-json\/wp\/v2\/media\/2031"}],"wp:attachment":[{"href":"https:\/\/laurencechevallier.com\/en\/wp-json\/wp\/v2\/media?parent=2095"}],"wp:term":[{"taxonomy":"product_brand","embeddable":true,"href":"https:\/\/laurencechevallier.com\/en\/wp-json\/wp\/v2\/product_brand?post=2095"},{"taxonomy":"product_cat","embeddable":true,"href":"https:\/\/laurencechevallier.com\/en\/wp-json\/wp\/v2\/product_cat?post=2095"},{"taxonomy":"product_tag","embeddable":true,"href":"https:\/\/laurencechevallier.com\/en\/wp-json\/wp\/v2\/product_tag?post=2095"}],"curies":[{"name":"wp","href":"https:\/\/api.w.org\/{rel}","templated":true}]}}