{"id":2086,"date":"2023-11-01T22:17:44","date_gmt":"2023-11-01T21:17:44","guid":{"rendered":"https:\/\/laurencechevallier.com\/?post_type=product&#038;p=2086"},"modified":"2026-03-27T12:41:57","modified_gmt":"2026-03-27T11:41:57","slug":"drewid-3-de-larmes-et-dargile-broche","status":"publish","type":"product","link":"https:\/\/laurencechevallier.com\/en\/product\/drewid-3-de-larmes-et-dargile-broche\/","title":{"rendered":"DREWID 3 &#8211; De larmes et d&rsquo;argile (Broch\u00e9)"},"content":{"rendered":"","protected":false},"excerpt":{"rendered":"<p>Inclus :<br \/>\nUn magnet, une carte postale illustr\u00e9e par Nicolas Jamonneau, et un marque page sont offerts.<\/p>\n<p>Un nouvel ordre est instaur\u00e9 dans le royaume de Drewid. Pi\u00e9g\u00e9s, les h\u00e9ritiers du sang Ancien sont contraints de s\u2019allier face \u00e0 la coalition des druides.<br \/>\nApr\u00e8s le massacre de sa famille, Lyham de Broc\u00e9liande est emp\u00eatr\u00e9 dans une guerre d\u2019usure contre Lennon, le seigneur picte d\u2019Alba. N\u00e9 second de la fratrie des princes namnettes, il n\u2019a jamais aspir\u00e9 au pouvoir souverain. Lorsque Kendall tombe entre ses griffes, il voit dans le plus jeune h\u00e9ritier du clan ennemi l\u2019occasion de se venger\u2026<\/p>\n<p>DARK ROMANTASY\u00a0(destin\u00e9e \u00e0 un public majeur et averti)\u00a0<\/p>","protected":false},"featured_media":2548,"template":"","meta":[],"product_brand":[117],"product_cat":[95,103,108,100,109],"product_tag":[],"class_list":{"0":"post-2086","1":"product","2":"type-product","3":"status-publish","4":"has-post-thumbnail","6":"product_author-laurence-chevallier","7":"product_brand-black-queen-editions","8":"product_cat-broches","9":"product_cat-dark-romance","10":"product_cat-dark-romantasy","11":"product_cat-fantasy","12":"product_cat-romantasy","14":"first","15":"instock","16":"taxable","17":"shipping-taxable","18":"purchasable","19":"product-type-simple"},"aioseo_notices":[],"_links":{"self":[{"href":"https:\/\/laurencechevallier.com\/en\/wp-json\/wp\/v2\/product\/2086","targetHints":{"allow":["GET"]}}],"collection":[{"href":"https:\/\/laurencechevallier.com\/en\/wp-json\/wp\/v2\/product"}],"about":[{"href":"https:\/\/laurencechevallier.com\/en\/wp-json\/wp\/v2\/types\/product"}],"wp:featuredmedia":[{"embeddable":true,"href":"https:\/\/laurencechevallier.com\/en\/wp-json\/wp\/v2\/media\/2548"}],"wp:attachment":[{"href":"https:\/\/laurencechevallier.com\/en\/wp-json\/wp\/v2\/media?parent=2086"}],"wp:term":[{"taxonomy":"product_brand","embeddable":true,"href":"https:\/\/laurencechevallier.com\/en\/wp-json\/wp\/v2\/product_brand?post=2086"},{"taxonomy":"product_cat","embeddable":true,"href":"https:\/\/laurencechevallier.com\/en\/wp-json\/wp\/v2\/product_cat?post=2086"},{"taxonomy":"product_tag","embeddable":true,"href":"https:\/\/laurencechevallier.com\/en\/wp-json\/wp\/v2\/product_tag?post=2086"}],"curies":[{"name":"wp","href":"https:\/\/api.w.org\/{rel}","templated":true}]}}