{"id":2085,"date":"2022-08-21T22:14:32","date_gmt":"2022-08-21T20:14:32","guid":{"rendered":"https:\/\/laurencechevallier.com\/?post_type=product&#038;p=2085"},"modified":"2026-03-27T12:42:30","modified_gmt":"2026-03-27T11:42:30","slug":"drewid-2-fer-sous-le-vent-broche","status":"publish","type":"product","link":"https:\/\/laurencechevallier.com\/en\/product\/drewid-2-fer-sous-le-vent-broche\/","title":{"rendered":"DREWID 2 &#8211; Fer sous le vent (Broch\u00e9)"},"content":{"rendered":"","protected":false},"excerpt":{"rendered":"<p>Inclus :<br \/>\nUn magnet, une carte postale illustr\u00e9e par Nicolas Jamonneau, et un marque page sont offerts.<\/p>\n<p>\u00ab Mon corps est une arme. Ma patience est l\u00e9tale. \u00bb<br \/>\nApr\u00e8s les terribles \u00e9v\u00e9nements survenus sous le d\u00f4me de Kilda, le royaume de Drewid est menac\u00e9. Depuis les noces de Tristan et Nova, la guerre fait rage entre les clans picte et namnette.<br \/>\nGuerrier redoutable de la tribu picte, Lennon lutte depuis des ann\u00e9es contre Lyham de Broc\u00e9liande. Us\u00e9 par les r\u00e9percussions des actes terribles de son clan et le poids des responsabilit\u00e9s, il voit en une esclave de sa cour une \u00e2me qui lui ressemble, et peut-\u00eatre une alli\u00e9e.<br \/>\nNimue, quant \u00e0 elle, a jur\u00e9 de venger sa famille en assassinant les responsables de ses tourments. Tenace et implacable, la servante du temple du dieu de la Guerre m\u00e8ne sa qu\u00eate avec une froide volont\u00e9.<br \/>\nLe seigneur des Enclumes et la princesse des Charmes sont tous deux de vaillants combattants, mais ils sont aussi ennemis.<br \/>\nSi l\u2019un ignore l\u2019identit\u00e9 de l\u2019autre, alors le pi\u00e8ge pourrait lentement se refermer sur eux, avec des cons\u00e9quences dramatiques\u2026<\/p>\n<p>DARK ROMANTASY\u00a0(destin\u00e9e \u00e0 un public majeur et averti)\u00a0<\/p>","protected":false},"featured_media":2547,"template":"","meta":[],"product_brand":[117],"product_cat":[95,103,108,100,109],"product_tag":[],"class_list":{"0":"post-2085","1":"product","2":"type-product","3":"status-publish","4":"has-post-thumbnail","6":"product_author-laurence-chevallier","7":"product_brand-black-queen-editions","8":"product_cat-broches","9":"product_cat-dark-romance","10":"product_cat-dark-romantasy","11":"product_cat-fantasy","12":"product_cat-romantasy","14":"first","15":"instock","16":"taxable","17":"shipping-taxable","18":"purchasable","19":"product-type-simple"},"aioseo_notices":[],"_links":{"self":[{"href":"https:\/\/laurencechevallier.com\/en\/wp-json\/wp\/v2\/product\/2085","targetHints":{"allow":["GET"]}}],"collection":[{"href":"https:\/\/laurencechevallier.com\/en\/wp-json\/wp\/v2\/product"}],"about":[{"href":"https:\/\/laurencechevallier.com\/en\/wp-json\/wp\/v2\/types\/product"}],"wp:featuredmedia":[{"embeddable":true,"href":"https:\/\/laurencechevallier.com\/en\/wp-json\/wp\/v2\/media\/2547"}],"wp:attachment":[{"href":"https:\/\/laurencechevallier.com\/en\/wp-json\/wp\/v2\/media?parent=2085"}],"wp:term":[{"taxonomy":"product_brand","embeddable":true,"href":"https:\/\/laurencechevallier.com\/en\/wp-json\/wp\/v2\/product_brand?post=2085"},{"taxonomy":"product_cat","embeddable":true,"href":"https:\/\/laurencechevallier.com\/en\/wp-json\/wp\/v2\/product_cat?post=2085"},{"taxonomy":"product_tag","embeddable":true,"href":"https:\/\/laurencechevallier.com\/en\/wp-json\/wp\/v2\/product_tag?post=2085"}],"curies":[{"name":"wp","href":"https:\/\/api.w.org\/{rel}","templated":true}]}}