{"id":2084,"date":"2021-11-17T22:10:30","date_gmt":"2021-11-17T21:10:30","guid":{"rendered":"https:\/\/laurencechevallier.com\/?post_type=product&#038;p=2084"},"modified":"2026-03-27T12:42:56","modified_gmt":"2026-03-27T11:42:56","slug":"drewid-1-de-la-pluie-sur-les-cendres-broche","status":"publish","type":"product","link":"https:\/\/laurencechevallier.com\/en\/product\/drewid-1-de-la-pluie-sur-les-cendres-broche\/","title":{"rendered":"DREWID 1 &#8211; De la pluie sur les cendres (Broch\u00e9)"},"content":{"rendered":"","protected":false},"excerpt":{"rendered":"<p>Inclus :<br \/>\nUn magnet, une carte postale illustr\u00e9e par Nicolas Jamonneau, et un marque page sont offerts.<\/p>\n<p>Dans un royaume dissimul\u00e9 aux yeux des Hommes, une princesse est mari\u00e9e de force \u00e0 un seigneur qui n\u2019a que du m\u00e9pris pour elle. Leur union fera basculer un empire&#8230;<br \/>\nTristan et Nova ignorent tout l\u2019un de l\u2019autre lorsqu\u2019ils sont contraints de se marier pour unir leurs familles au pass\u00e9 tragique.<br \/>\nAu lendemain des noces, tout bascule lors d\u2019un myst\u00e9rieux drame.<br \/>\nNova se r\u00e9veille seule et amn\u00e9sique, forc\u00e9e de reconstruire sa vie dans un monde qu\u2019elle ne conna\u00eet pas.<br \/>\nTristan est condamn\u00e9 \u00e0 l\u2019exil.<br \/>\nQuand le destin les rapproche \u00e0 nouveau et les oblige \u00e0 cohabiter, ils n\u2019ont plus d\u2019autre choix que de se d\u00e9couvrir.<br \/>\nMais Nova ne sait pas qui elle est, ni pourquoi Tristan la d\u00e9teste.<br \/>\nSi les \u00e9poux maudits tombaient amoureux, tout un peuple serait en grand p\u00e9ril\u2026<\/p>\n<p>Mythes celtes, intrigues, suspense, amour, mensonges et trahisons : bienvenue sous les d\u00f4mes de Drewid&#8230;<br \/>\nDARK ROMANTASY\u00a0(destin\u00e9e \u00e0 un public majeur et averti)\u00a0<\/p>","protected":false},"featured_media":2546,"template":"","meta":[],"product_brand":[117],"product_cat":[95,103,108,100,109],"product_tag":[],"class_list":{"0":"post-2084","1":"product","2":"type-product","3":"status-publish","4":"has-post-thumbnail","6":"product_author-laurence-chevallier","7":"product_brand-black-queen-editions","8":"product_cat-broches","9":"product_cat-dark-romance","10":"product_cat-dark-romantasy","11":"product_cat-fantasy","12":"product_cat-romantasy","14":"first","15":"instock","16":"taxable","17":"shipping-taxable","18":"purchasable","19":"product-type-simple"},"aioseo_notices":[],"_links":{"self":[{"href":"https:\/\/laurencechevallier.com\/en\/wp-json\/wp\/v2\/product\/2084","targetHints":{"allow":["GET"]}}],"collection":[{"href":"https:\/\/laurencechevallier.com\/en\/wp-json\/wp\/v2\/product"}],"about":[{"href":"https:\/\/laurencechevallier.com\/en\/wp-json\/wp\/v2\/types\/product"}],"wp:featuredmedia":[{"embeddable":true,"href":"https:\/\/laurencechevallier.com\/en\/wp-json\/wp\/v2\/media\/2546"}],"wp:attachment":[{"href":"https:\/\/laurencechevallier.com\/en\/wp-json\/wp\/v2\/media?parent=2084"}],"wp:term":[{"taxonomy":"product_brand","embeddable":true,"href":"https:\/\/laurencechevallier.com\/en\/wp-json\/wp\/v2\/product_brand?post=2084"},{"taxonomy":"product_cat","embeddable":true,"href":"https:\/\/laurencechevallier.com\/en\/wp-json\/wp\/v2\/product_cat?post=2084"},{"taxonomy":"product_tag","embeddable":true,"href":"https:\/\/laurencechevallier.com\/en\/wp-json\/wp\/v2\/product_tag?post=2084"}],"curies":[{"name":"wp","href":"https:\/\/api.w.org\/{rel}","templated":true}]}}