{"id":2083,"date":"2021-11-17T22:07:29","date_gmt":"2021-11-17T21:07:29","guid":{"rendered":"https:\/\/laurencechevallier.com\/?post_type=product&#038;p=2083"},"modified":"2026-03-18T18:44:14","modified_gmt":"2026-03-18T17:44:14","slug":"la-saga-drewid","status":"publish","type":"product","link":"https:\/\/laurencechevallier.com\/en\/product\/la-saga-drewid\/","title":{"rendered":"DREWID"},"content":{"rendered":"","protected":false},"excerpt":{"rendered":"<p>Inclus :<br \/>\nUn magnet, une carte postale illustr\u00e9e par Nicolas Jamonneau, et un marque page sont offerts dans chaque roman.<\/p>\n<p>Dans un royaume dissimul\u00e9 aux yeux des Hommes, une princesse est mari\u00e9e de force \u00e0 un seigneur qui n\u2019a que du m\u00e9pris pour elle. Leur union fera basculer un empire&#8230;<br \/>\n&nbsp;<br \/>\nUne saga DARK ROMANTASY aux plus de 50000 exemplaires vendus.<\/p>","protected":false},"featured_media":2110,"template":"","meta":[],"product_brand":[117],"product_cat":[108,100,109,94],"product_tag":[],"class_list":{"0":"post-2083","1":"product","2":"type-product","3":"status-publish","4":"has-post-thumbnail","6":"product_author-laurence-chevallier","7":"product_brand-black-queen-editions","8":"product_cat-dark-romantasy","9":"product_cat-fantasy","10":"product_cat-romantasy","11":"product_cat-univers","13":"first","14":"instock","15":"taxable","16":"shipping-taxable","17":"purchasable","18":"product-type-woosg"},"aioseo_notices":[],"_links":{"self":[{"href":"https:\/\/laurencechevallier.com\/en\/wp-json\/wp\/v2\/product\/2083","targetHints":{"allow":["GET"]}}],"collection":[{"href":"https:\/\/laurencechevallier.com\/en\/wp-json\/wp\/v2\/product"}],"about":[{"href":"https:\/\/laurencechevallier.com\/en\/wp-json\/wp\/v2\/types\/product"}],"wp:featuredmedia":[{"embeddable":true,"href":"https:\/\/laurencechevallier.com\/en\/wp-json\/wp\/v2\/media\/2110"}],"wp:attachment":[{"href":"https:\/\/laurencechevallier.com\/en\/wp-json\/wp\/v2\/media?parent=2083"}],"wp:term":[{"taxonomy":"product_brand","embeddable":true,"href":"https:\/\/laurencechevallier.com\/en\/wp-json\/wp\/v2\/product_brand?post=2083"},{"taxonomy":"product_cat","embeddable":true,"href":"https:\/\/laurencechevallier.com\/en\/wp-json\/wp\/v2\/product_cat?post=2083"},{"taxonomy":"product_tag","embeddable":true,"href":"https:\/\/laurencechevallier.com\/en\/wp-json\/wp\/v2\/product_tag?post=2083"}],"curies":[{"name":"wp","href":"https:\/\/api.w.org\/{rel}","templated":true}]}}