{"id":2080,"date":"2023-02-17T21:45:01","date_gmt":"2023-02-17T20:45:01","guid":{"rendered":"https:\/\/laurencechevallier.com\/?post_type=product&#038;p=2080"},"modified":"2026-03-24T14:31:17","modified_gmt":"2026-03-24T13:31:17","slug":"witch-war-relie","status":"publish","type":"product","link":"https:\/\/laurencechevallier.com\/en\/product\/witch-war-relie\/","title":{"rendered":"Witch War (Reli\u00e9)"},"content":{"rendered":"","protected":false},"excerpt":{"rendered":"<p>Inclus :<br \/>\nUn magnet, une carte postale illustr\u00e9e par Nicolas Jamonneau, et un marque page sont offerts.<\/p>\n<p>La guerre est imminente.<br \/>\nLe d\u00e9nouement approche.<br \/>\nLes trois races n\u2019ont d\u2019autre choix que de s\u2019affronter.<br \/>\nQu\u2019adviendra-t-il de Neeve et de Lennox \u00e0 la suite des \u00e9v\u00e9nements tragiques qui ont bouscul\u00e9 le monde des ombres ?<br \/>\nComment Elinor parviendra-t-elle \u00e0 prot\u00e9ger les siens ?<br \/>\nQu\u2019en sera-t-il de Sixtine, apr\u00e8s tout ce qu\u2019elle a subi ?<\/p>\n<p>Rendez-vous une derni\u00e8re fois \u00e0 Fallen Creek, o\u00f9 des r\u00e8gles ancestrales ont conduit trois sorci\u00e8res \u00e0 se m\u00e9langer, \u00e0 trahir et \u00e0 se montrer&#8230;<\/p>","protected":false},"featured_media":2566,"template":"","meta":[],"product_brand":[117],"product_cat":[110,100,96,109,111],"product_tag":[],"class_list":{"0":"post-2080","1":"product","2":"type-product","3":"status-publish","4":"has-post-thumbnail","6":"product_author-emilie-chevallier","7":"product_author-laurence-chevallier","8":"product_author-sienna-pratt","9":"product_brand-black-queen-editions","10":"product_cat-bit-lit","11":"product_cat-fantasy","12":"product_cat-relies","13":"product_cat-romantasy","14":"product_cat-urban-fantasy","16":"first","17":"instock","18":"taxable","19":"shipping-taxable","20":"purchasable","21":"product-type-simple"},"aioseo_notices":[],"_links":{"self":[{"href":"https:\/\/laurencechevallier.com\/en\/wp-json\/wp\/v2\/product\/2080","targetHints":{"allow":["GET"]}}],"collection":[{"href":"https:\/\/laurencechevallier.com\/en\/wp-json\/wp\/v2\/product"}],"about":[{"href":"https:\/\/laurencechevallier.com\/en\/wp-json\/wp\/v2\/types\/product"}],"wp:featuredmedia":[{"embeddable":true,"href":"https:\/\/laurencechevallier.com\/en\/wp-json\/wp\/v2\/media\/2566"}],"wp:attachment":[{"href":"https:\/\/laurencechevallier.com\/en\/wp-json\/wp\/v2\/media?parent=2080"}],"wp:term":[{"taxonomy":"product_brand","embeddable":true,"href":"https:\/\/laurencechevallier.com\/en\/wp-json\/wp\/v2\/product_brand?post=2080"},{"taxonomy":"product_cat","embeddable":true,"href":"https:\/\/laurencechevallier.com\/en\/wp-json\/wp\/v2\/product_cat?post=2080"},{"taxonomy":"product_tag","embeddable":true,"href":"https:\/\/laurencechevallier.com\/en\/wp-json\/wp\/v2\/product_tag?post=2080"}],"curies":[{"name":"wp","href":"https:\/\/api.w.org\/{rel}","templated":true}]}}