{"id":2075,"date":"2022-05-20T21:22:29","date_gmt":"2022-05-20T19:22:29","guid":{"rendered":"https:\/\/laurencechevallier.com\/?post_type=product&#038;p=2075"},"modified":"2026-03-24T14:12:23","modified_gmt":"2026-03-24T13:12:23","slug":"witch-vampire-broche","status":"publish","type":"product","link":"https:\/\/laurencechevallier.com\/en\/product\/witch-vampire-broche\/","title":{"rendered":"Witch Vampire (Broch\u00e9)"},"content":{"rendered":"","protected":false},"excerpt":{"rendered":"<p>Inclus :<br \/>\nUn magnet, une carte postale illustr\u00e9e par Nicolas Jamonneau, et un marque page sont offerts.<\/p>\n<p>R\u00e9sum\u00e9 :<br \/>\nOn ne se m\u00e9lange pas.<br \/>\nOn ne trahit pas.<br \/>\nOn ne se montre pas.<br \/>\nQuand Sixtine, Elinor et Neeve se sont cach\u00e9es parmi les loups, elles ignoraient que leur acte allait bousculer les lois du monde des ombres.<br \/>\nD\u00e9sormais sous la menace d\u2019un proc\u00e8s en sorcellerie, chacune d\u2019entre elles cherche les moyens de s\u2019en sortir. Mais les cons\u00e9quences des \u00e9v\u00e9nements survenus sur leur amiti\u00e9 et sur leurs amours vont tourmenter les trois femmes, alors qu\u2019un danger encore plus grand les guette&#8230;<br \/>\nLoups,<br \/>\nVampires,<br \/>\nSorciers.<br \/>\nAucun ne s\u2019est donc jamais m\u00e9lang\u00e9 ?<br \/>\nAucun n\u2019a donc jamais trahi ?<\/p>\n<p>Et si le m\u00e9tissage des races mettait en p\u00e9ril la s\u00e9curit\u00e9 de tous, serait-ce bien prudent de transgresser des r\u00e8gles qui pr\u00e9servent la paix depuis des si\u00e8cles ?<\/p>","protected":false},"featured_media":2544,"template":"","meta":[],"product_brand":[117],"product_cat":[110,95,100,109,111],"product_tag":[],"class_list":{"0":"post-2075","1":"product","2":"type-product","3":"status-publish","4":"has-post-thumbnail","6":"product_author-emilie-chevallier","7":"product_author-laurence-chevallier","8":"product_author-sienna-pratt","9":"product_brand-black-queen-editions","10":"product_cat-bit-lit","11":"product_cat-broches","12":"product_cat-fantasy","13":"product_cat-romantasy","14":"product_cat-urban-fantasy","16":"first","17":"instock","18":"taxable","19":"shipping-taxable","20":"purchasable","21":"product-type-simple"},"aioseo_notices":[],"_links":{"self":[{"href":"https:\/\/laurencechevallier.com\/en\/wp-json\/wp\/v2\/product\/2075","targetHints":{"allow":["GET"]}}],"collection":[{"href":"https:\/\/laurencechevallier.com\/en\/wp-json\/wp\/v2\/product"}],"about":[{"href":"https:\/\/laurencechevallier.com\/en\/wp-json\/wp\/v2\/types\/product"}],"wp:featuredmedia":[{"embeddable":true,"href":"https:\/\/laurencechevallier.com\/en\/wp-json\/wp\/v2\/media\/2544"}],"wp:attachment":[{"href":"https:\/\/laurencechevallier.com\/en\/wp-json\/wp\/v2\/media?parent=2075"}],"wp:term":[{"taxonomy":"product_brand","embeddable":true,"href":"https:\/\/laurencechevallier.com\/en\/wp-json\/wp\/v2\/product_brand?post=2075"},{"taxonomy":"product_cat","embeddable":true,"href":"https:\/\/laurencechevallier.com\/en\/wp-json\/wp\/v2\/product_cat?post=2075"},{"taxonomy":"product_tag","embeddable":true,"href":"https:\/\/laurencechevallier.com\/en\/wp-json\/wp\/v2\/product_tag?post=2075"}],"curies":[{"name":"wp","href":"https:\/\/api.w.org\/{rel}","templated":true}]}}