{"id":2065,"date":"2024-11-15T20:39:05","date_gmt":"2024-11-15T19:39:05","guid":{"rendered":"https:\/\/laurencechevallier.com\/?post_type=product&#038;p=2065"},"modified":"2026-03-18T18:44:14","modified_gmt":"2026-03-18T17:44:14","slug":"deep-shadow","status":"publish","type":"product","link":"https:\/\/laurencechevallier.com\/en\/product\/deep-shadow\/","title":{"rendered":"DEEP SHADOW"},"content":{"rendered":"","protected":false},"excerpt":{"rendered":"<p>Une carte postale en couleur, un magnet et un marque-page offerts.<\/p>\n<p>R\u00e9sum\u00e9 :\u00a0<br \/>\nLorsqu\u2019une s\u00e9rie de meurtres frappe l\u2019universit\u00e9 catholique de Seattle, deux hommes, que tout oppose, voient leur existence basculer&#8230;<br \/>\n\u00c0 l\u2019aube de la quarantaine, l&rsquo;inspecteur Walsh se voit confier une affaire particuli\u00e8rement sordide. Un tueur r\u00f4de parmi la communaut\u00e9 \u00e9tudiante de l&rsquo;universit\u00e9 j\u00e9suite de Seattle. Il y rencontre un ami de son fils, un jeune mod\u00e8le de nu dont l&rsquo;apparence \u00e9voque celle des victimes.<br \/>\nAndy, un artiste qui finance ses \u00e9tudes par divers petits boulots, est fascin\u00e9 par ce flic divorc\u00e9. Il met tout en \u0153uvre pour s\u00e9duire le t\u00e9n\u00e9breux et distant Reese Walsh. Mais des \u00e9l\u00e9ments troublants autour des meurtres compromettent ses ambitions&#8230;<br \/>\nSi Andy parvenait \u00e0 ses fins, ne risquerait-il pas de nuire \u00e0 l&rsquo;enqu\u00eate et de menacer leurs vies ?<br \/>\nAlors que le myst\u00e8re s&rsquo;\u00e9paissit, l&rsquo;inspecteur se d\u00e9bat avec ses propres d\u00e9sirs interdits&#8230;<\/p>\n<p>Romantic Thriller MxM r\u00e9serv\u00e9 \u00e0 un public majeur et averti.<\/p>","protected":false},"featured_media":2032,"template":"","meta":[],"product_brand":[117],"product_cat":[101,113,94],"product_tag":[],"class_list":{"0":"post-2065","1":"product","2":"type-product","3":"status-publish","4":"has-post-thumbnail","6":"product_author-laurence-chevallier","7":"product_brand-black-queen-editions","8":"product_cat-new-romance","9":"product_cat-romance-lgbt","10":"product_cat-univers","12":"first","13":"instock","14":"taxable","15":"shipping-taxable","16":"purchasable","17":"product-type-woosg"},"aioseo_notices":[],"_links":{"self":[{"href":"https:\/\/laurencechevallier.com\/en\/wp-json\/wp\/v2\/product\/2065","targetHints":{"allow":["GET"]}}],"collection":[{"href":"https:\/\/laurencechevallier.com\/en\/wp-json\/wp\/v2\/product"}],"about":[{"href":"https:\/\/laurencechevallier.com\/en\/wp-json\/wp\/v2\/types\/product"}],"wp:featuredmedia":[{"embeddable":true,"href":"https:\/\/laurencechevallier.com\/en\/wp-json\/wp\/v2\/media\/2032"}],"wp:attachment":[{"href":"https:\/\/laurencechevallier.com\/en\/wp-json\/wp\/v2\/media?parent=2065"}],"wp:term":[{"taxonomy":"product_brand","embeddable":true,"href":"https:\/\/laurencechevallier.com\/en\/wp-json\/wp\/v2\/product_brand?post=2065"},{"taxonomy":"product_cat","embeddable":true,"href":"https:\/\/laurencechevallier.com\/en\/wp-json\/wp\/v2\/product_cat?post=2065"},{"taxonomy":"product_tag","embeddable":true,"href":"https:\/\/laurencechevallier.com\/en\/wp-json\/wp\/v2\/product_tag?post=2065"}],"curies":[{"name":"wp","href":"https:\/\/api.w.org\/{rel}","templated":true}]}}