{"id":2050,"date":"2023-04-19T18:44:25","date_gmt":"2023-04-19T16:44:25","guid":{"rendered":"https:\/\/laurencechevallier.com\/?post_type=product&#038;p=2050"},"modified":"2026-03-24T14:37:55","modified_gmt":"2026-03-24T13:37:55","slug":"les-amoureux-de-montmartre-poche","status":"publish","type":"product","link":"https:\/\/laurencechevallier.com\/en\/product\/les-amoureux-de-montmartre-poche\/","title":{"rendered":"Les Amoureux de Montmartre (Poche) &#8211; Achat sur Amazon"},"content":{"rendered":"","protected":false},"excerpt":{"rendered":"<p>La trentaine largement d\u00e9pass\u00e9e quand Adam l\u2019abandonne enceinte, Zo\u00e9 emm\u00e9nage dans un appartement de la Butte Montmartre dans l\u2019espoir d\u2019y refaire sa vie. Elle ignore tout de son voisin, acteur de films X, qui va l\u2019aider \u00e0 surmonter cette douloureuse \u00e9preuve.<\/p>\n<p>Ka\u00ebl a v\u00e9cu un pass\u00e9 tourment\u00e9 et m\u00e8ne une existence tumultueuse. Lorsqu\u2019il porte secours \u00e0 sa voisine de dix ans son a\u00een\u00e9e, il ne se doute pas que cette rencontre marquera un tournant dans sa vie. Alors qu\u2019il se croyait pour toujours prisonnier de ses t\u00e9n\u00e8bres, Ka\u00ebl finit par s\u2019\u00e9panouir au contact de cette femme solaire, dont les f\u00ealures sont aussi profondes que les siennes.<\/p>\n<p>De cette rencontre va na\u00eetre une belle amiti\u00e9.<\/p>\n<p>De cette amiti\u00e9 va na\u00eetre un amour passionn\u00e9\u2026<\/p>\n<p>R\u00e9sistera-t-il au regard des autres et aux pr\u00e9jug\u00e9s ?<\/p>","protected":false},"featured_media":2536,"template":"","meta":[],"product_brand":[114],"product_cat":[112,118,101],"product_tag":[],"class_list":{"0":"post-2050","1":"product","2":"type-product","3":"status-publish","4":"has-post-thumbnail","6":"product_author-laurence-chevallier","7":"product_brand-hugo-romance","8":"product_cat-comedie-romantique","9":"product_cat-hugo-romance","10":"product_cat-new-romance","12":"first","13":"instock","14":"taxable","15":"shipping-taxable","16":"product-type-external"},"aioseo_notices":[],"_links":{"self":[{"href":"https:\/\/laurencechevallier.com\/en\/wp-json\/wp\/v2\/product\/2050","targetHints":{"allow":["GET"]}}],"collection":[{"href":"https:\/\/laurencechevallier.com\/en\/wp-json\/wp\/v2\/product"}],"about":[{"href":"https:\/\/laurencechevallier.com\/en\/wp-json\/wp\/v2\/types\/product"}],"wp:featuredmedia":[{"embeddable":true,"href":"https:\/\/laurencechevallier.com\/en\/wp-json\/wp\/v2\/media\/2536"}],"wp:attachment":[{"href":"https:\/\/laurencechevallier.com\/en\/wp-json\/wp\/v2\/media?parent=2050"}],"wp:term":[{"taxonomy":"product_brand","embeddable":true,"href":"https:\/\/laurencechevallier.com\/en\/wp-json\/wp\/v2\/product_brand?post=2050"},{"taxonomy":"product_cat","embeddable":true,"href":"https:\/\/laurencechevallier.com\/en\/wp-json\/wp\/v2\/product_cat?post=2050"},{"taxonomy":"product_tag","embeddable":true,"href":"https:\/\/laurencechevallier.com\/en\/wp-json\/wp\/v2\/product_tag?post=2050"}],"curies":[{"name":"wp","href":"https:\/\/api.w.org\/{rel}","templated":true}]}}