{"id":2040,"date":"2022-04-08T17:18:06","date_gmt":"2022-04-08T15:18:06","guid":{"rendered":"https:\/\/laurencechevallier.com\/?post_type=product&#038;p=2040"},"modified":"2026-03-18T18:39:10","modified_gmt":"2026-03-18T17:39:10","slug":"echec-aux-rois-broche","status":"publish","type":"product","link":"https:\/\/laurencechevallier.com\/en\/product\/echec-aux-rois-broche\/","title":{"rendered":"\u00c9chec aux Rois (Broch\u00e9)"},"content":{"rendered":"","protected":false},"excerpt":{"rendered":"<p>Inclus :<br \/>\nUn magnet, une carte postale illustr\u00e9e par Nicolas Jamonneau, et un marque page sont offerts.<\/p>\n<p>R\u00e9sum\u00e9 :\u00a0<br \/>\nConnaissez-vous ce sentiment irr\u00e9pressible qui vous \u00e9l\u00e8ve, vous brise, vous stimule et vous \u00e9treint si fort qu\u2019il vous coupe le souffle ?\u00a0<br \/>\nC\u2019est ce que ressent Saul, ce hors-la-loi, quand il croise le regard de Thal\u00e8s, successeur d\u2019une multinationale et arrogant prodige des \u00e9checs.<br \/>\nLorsque Saul et son allure de bad boy tatou\u00e9 bousculent ses habitudes, Thal\u00e8s succombe.<br \/>\nSi seulement son destin n\u2019\u00e9tait pas d\u00e9j\u00e0 tout trac\u00e9\u2026<br \/>\nSi seulement Saul menait une existence honn\u00eate, lui qui braque les riches comme il a vol\u00e9 le c\u0153ur du jeune h\u00e9ritier\u2026<br \/>\nThal\u00e8s et Saul.\u00a0<br \/>\nUn amour si fort, qu\u2019il br\u00fble et consume tout autour de lui\u2026<br \/>\nParviendront-ils \u00e0 d\u00e9jouer les obstacles qui se dresseront sur leur chemin et \u00e0 vivre pleinement leur passion d\u00e9vorante ?<br \/>\n\u00c9chec et mat ou abandon des Rois ?\u00a0<br \/>\nPour le savoir, laissez-vous envo\u00fbter par l\u2019histoire de Saul et Thal\u00e8s.<\/p>\n<p>Romance MM pour adultes\u00a0<br \/>\nCe roman contient de nombreuses sc\u00e8nes explicites, il est destin\u00e9 \u00e0 un public majeur et averti.<\/p>","protected":false},"featured_media":2551,"template":"","meta":[],"product_brand":[117],"product_cat":[95,101,113],"product_tag":[],"class_list":{"0":"post-2040","1":"product","2":"type-product","3":"status-publish","4":"has-post-thumbnail","6":"product_author-cecilia-armand","7":"product_author-laurence-chevallier","8":"product_brand-black-queen-editions","9":"product_cat-broches","10":"product_cat-new-romance","11":"product_cat-romance-lgbt","13":"first","14":"instock","15":"taxable","16":"shipping-taxable","17":"purchasable","18":"product-type-simple"},"aioseo_notices":[],"_links":{"self":[{"href":"https:\/\/laurencechevallier.com\/en\/wp-json\/wp\/v2\/product\/2040","targetHints":{"allow":["GET"]}}],"collection":[{"href":"https:\/\/laurencechevallier.com\/en\/wp-json\/wp\/v2\/product"}],"about":[{"href":"https:\/\/laurencechevallier.com\/en\/wp-json\/wp\/v2\/types\/product"}],"wp:featuredmedia":[{"embeddable":true,"href":"https:\/\/laurencechevallier.com\/en\/wp-json\/wp\/v2\/media\/2551"}],"wp:attachment":[{"href":"https:\/\/laurencechevallier.com\/en\/wp-json\/wp\/v2\/media?parent=2040"}],"wp:term":[{"taxonomy":"product_brand","embeddable":true,"href":"https:\/\/laurencechevallier.com\/en\/wp-json\/wp\/v2\/product_brand?post=2040"},{"taxonomy":"product_cat","embeddable":true,"href":"https:\/\/laurencechevallier.com\/en\/wp-json\/wp\/v2\/product_cat?post=2040"},{"taxonomy":"product_tag","embeddable":true,"href":"https:\/\/laurencechevallier.com\/en\/wp-json\/wp\/v2\/product_tag?post=2040"}],"curies":[{"name":"wp","href":"https:\/\/api.w.org\/{rel}","templated":true}]}}