{"id":2039,"date":"2024-03-29T17:02:59","date_gmt":"2024-03-29T16:02:59","guid":{"rendered":"https:\/\/laurencechevallier.com\/?post_type=product&#038;p=2039"},"modified":"2026-03-24T14:28:50","modified_gmt":"2026-03-24T13:28:50","slug":"just-milo-relie","status":"publish","type":"product","link":"https:\/\/laurencechevallier.com\/en\/product\/just-milo-relie\/","title":{"rendered":"Just Milo (Reli\u00e9)"},"content":{"rendered":"","protected":false},"excerpt":{"rendered":"<p>Inclus :<br \/>\nUn magnet, une carte postale illustr\u00e9e de Nicolas Jamonneau et un marque-page offerts.<\/p>\n<p>\ud835\ude50\ud835\ude63\ud835\ude5a \ud835\ude67\ud835\ude64\ud835\ude62\ud835\ude56\ud835\ude63\ud835\ude58\ud835\ude5a \ud835\ude59\ud835\ude5a\u0301\ud835\ude5f\ud835\ude56\ud835\ude63\ud835\ude69\ud835\ude5a\u0301\ud835\ude5a \ud835\ude5a\ud835\ude63\ud835\ude69\ud835\ude67\ud835\ude5a \ud835\ude6a\ud835\ude63 \ud835\ude56\ud835\ude6a\ud835\ude69\ud835\ude5a\ud835\ude6a\ud835\ude67 \ud835\ude57\ud835\ude5e \ud835\ude59\ud835\ude5a \ud835\ude6c\ud835\ude5a\ud835\ude57\ud835\ude69\ud835\ude64\ud835\ude64\ud835\ude63\ud835\ude68 \ud835\ude57\ud835\ude64\ud835\ude6e&rsquo;\ud835\ude68 \ud835\ude61\ud835\ude64\ud835\ude6b\ud835\ude5a, \ud835\ude5a\ud835\ude69 \ud835\ude6a\ud835\ude63 \ud835\ude65\ud835\ude67\ud835\ude64\ud835\ude59\ud835\ude6a\ud835\ude58\ud835\ude69\ud835\ude5a\ud835\ude6a\ud835\ude67 \ud835\ude59\ud835\ude5a \ud835\ude67\ud835\ude56\ud835\ude65 \ud835\ude5d\ud835\ude5a\u0301\ud835\ude69\ud835\ude5a\u0301\ud835\ude67\ud835\ude64.<br \/>\nCette mise en bouche vous interpelle ? Normal, et encore, vous n\u2019avez rien vu.<br \/>\nJe suis Milo Masako, enfin\u2026 c\u2019est un pseudo, car je suis un mytho.<br \/>\nVous voulez conna\u00eetre mon histoire ? C\u2019est par l\u00e0 que \u00e7a se passe.<br \/>\nIci, pas question d\u2019enfiler des perles. Dorian Leroy m\u2019a fait un coup de p*te, et je suis du genre rancunier. Quand sa copine me soumet l\u2019id\u00e9e d\u2019exp\u00e9rimenter un plan \u00e0 trois, j\u2019y vois l\u2019occasion id\u00e9ale de me venger\u2026<br \/>\nCe que je n\u2019avais pas pr\u00e9m\u00e9dit\u00e9, c\u2019est que l\u2019H\u00e9t\u00e9-Roi \u2013 ainsi que je le surnomme \u2013 me d\u00e9stabiliserait avec une curieuse proposition : devenir son faux petit ami au mariage de son p\u00e8re, afin d\u2019y semer la discorde. Ses motifs sont compr\u00e9hensibles, mais je hais ce type !<br \/>\nVictime d\u2019un odieux chantage, je suis bien oblig\u00e9 d\u2019accepter.<br \/>\nFichu beau gosse, je n\u2019imaginais pas jusqu\u2019o\u00f9 ce mec serait pr\u00eat \u00e0 aller\u2026<\/p>\n<p>Une romance MM irr\u00e9v\u00e9rencieuse \u00e0 l&rsquo;humour corrosif, destin\u00e9e \u00e0 un public majeur et averti. (One shot ind\u00e9pendant)<\/p>","protected":false},"featured_media":2570,"template":"","meta":[],"product_brand":[117],"product_cat":[112,101,96,113],"product_tag":[],"class_list":{"0":"post-2039","1":"product","2":"type-product","3":"status-publish","4":"has-post-thumbnail","6":"product_author-laurence-chevallier","7":"product_brand-black-queen-editions","8":"product_cat-comedie-romantique","9":"product_cat-new-romance","10":"product_cat-relies","11":"product_cat-romance-lgbt","13":"first","14":"instock","15":"taxable","16":"shipping-taxable","17":"purchasable","18":"product-type-simple"},"aioseo_notices":[],"_links":{"self":[{"href":"https:\/\/laurencechevallier.com\/en\/wp-json\/wp\/v2\/product\/2039","targetHints":{"allow":["GET"]}}],"collection":[{"href":"https:\/\/laurencechevallier.com\/en\/wp-json\/wp\/v2\/product"}],"about":[{"href":"https:\/\/laurencechevallier.com\/en\/wp-json\/wp\/v2\/types\/product"}],"wp:featuredmedia":[{"embeddable":true,"href":"https:\/\/laurencechevallier.com\/en\/wp-json\/wp\/v2\/media\/2570"}],"wp:attachment":[{"href":"https:\/\/laurencechevallier.com\/en\/wp-json\/wp\/v2\/media?parent=2039"}],"wp:term":[{"taxonomy":"product_brand","embeddable":true,"href":"https:\/\/laurencechevallier.com\/en\/wp-json\/wp\/v2\/product_brand?post=2039"},{"taxonomy":"product_cat","embeddable":true,"href":"https:\/\/laurencechevallier.com\/en\/wp-json\/wp\/v2\/product_cat?post=2039"},{"taxonomy":"product_tag","embeddable":true,"href":"https:\/\/laurencechevallier.com\/en\/wp-json\/wp\/v2\/product_tag?post=2039"}],"curies":[{"name":"wp","href":"https:\/\/api.w.org\/{rel}","templated":true}]}}