{"id":2024,"date":"2024-03-29T16:21:49","date_gmt":"2024-03-29T15:21:49","guid":{"rendered":"https:\/\/laurencechevallier.com\/?post_type=product&#038;p=2024"},"modified":"2026-04-04T01:23:52","modified_gmt":"2026-04-03T23:23:52","slug":"just-milo-broche","status":"publish","type":"product","link":"https:\/\/laurencechevallier.com\/en\/product\/just-milo-broche\/","title":{"rendered":"Just Milo (Broch\u00e9)"},"content":{"rendered":"","protected":false},"excerpt":{"rendered":"<p>Inclus :<br \/>\nUn magnet, une carte postale illustr\u00e9e par Nicolas Jamonneau, et un marque page sont offerts.<\/p>\n<p>Une romance d\u00e9jant\u00e9e entre un auteur bi de webtoons boy\u2019s love, et un producteur de rap h\u00e9t\u00e9ro.<br \/>\nCette mise en bouche vous interpelle ? Normal, et encore, vous n\u2019avez rien vu.<br \/>\nJe suis Milo Masako, enfin&#8230; c\u2019est un pseudo, car je suis un mytho.<br \/>\nVous voulez conna\u00eetre mon histoire ? C\u2019est par l\u00e0 que \u00e7a se passe.<br \/>\nIci, pas question d\u2019enfiler des perles. Dorian Leroy m\u2019a fait un coup de p*te, et je suis du genre rancunier. Quand sa copine me soumet l\u2019id\u00e9e d\u2019exp\u00e9rimenter un plan \u00e0 trois, j\u2019y vois l\u2019occasion id\u00e9ale de me venger&#8230;<br \/>\nCe que je n\u2019avais pas pr\u00e9m\u00e9dit\u00e9, c\u2019est que l\u2019H\u00e9t\u00e9-Roi \u2013 ainsi que je le surnomme \u2013 me d\u00e9stabiliserait avec une curieuse proposition : devenir son faux petit ami au mariage de son p\u00e8re, afin d\u2019y semer la discorde. Ses motifs sont compr\u00e9hensibles, mais je hais ce type !<br \/>\nVictime d\u2019un odieux chantage, je suis bien oblig\u00e9 d\u2019accepter.<br \/>\nFichu beau gosse, je n\u2019imaginais pas jusqu\u2019o\u00f9 ce mec serait pr\u00eat \u00e0 aller&#8230;<\/p>\n<p>Une romance MM irr\u00e9v\u00e9rencieuse \u00e0 l&rsquo;humour corrosif, destin\u00e9e \u00e0 un public majeur et averti. (One shot ind\u00e9pendant)<\/p>","protected":false},"featured_media":2542,"template":"","meta":[],"product_brand":[117],"product_cat":[95,112,101,113],"product_tag":[],"class_list":{"0":"post-2024","1":"product","2":"type-product","3":"status-publish","4":"has-post-thumbnail","6":"product_author-laurence-chevallier","7":"product_brand-black-queen-editions","8":"product_cat-broches","9":"product_cat-comedie-romantique","10":"product_cat-new-romance","11":"product_cat-romance-lgbt","13":"first","14":"instock","15":"taxable","16":"shipping-taxable","17":"purchasable","18":"product-type-simple"},"aioseo_notices":[],"_links":{"self":[{"href":"https:\/\/laurencechevallier.com\/en\/wp-json\/wp\/v2\/product\/2024","targetHints":{"allow":["GET"]}}],"collection":[{"href":"https:\/\/laurencechevallier.com\/en\/wp-json\/wp\/v2\/product"}],"about":[{"href":"https:\/\/laurencechevallier.com\/en\/wp-json\/wp\/v2\/types\/product"}],"wp:featuredmedia":[{"embeddable":true,"href":"https:\/\/laurencechevallier.com\/en\/wp-json\/wp\/v2\/media\/2542"}],"wp:attachment":[{"href":"https:\/\/laurencechevallier.com\/en\/wp-json\/wp\/v2\/media?parent=2024"}],"wp:term":[{"taxonomy":"product_brand","embeddable":true,"href":"https:\/\/laurencechevallier.com\/en\/wp-json\/wp\/v2\/product_brand?post=2024"},{"taxonomy":"product_cat","embeddable":true,"href":"https:\/\/laurencechevallier.com\/en\/wp-json\/wp\/v2\/product_cat?post=2024"},{"taxonomy":"product_tag","embeddable":true,"href":"https:\/\/laurencechevallier.com\/en\/wp-json\/wp\/v2\/product_tag?post=2024"}],"curies":[{"name":"wp","href":"https:\/\/api.w.org\/{rel}","templated":true}]}}