{"id":1981,"date":"2021-07-08T05:28:17","date_gmt":"2021-07-08T03:28:17","guid":{"rendered":"https:\/\/seagreen-flamingo-673066.hostingersite.com\/?post_type=product&#038;p=1981"},"modified":"2026-03-18T18:44:14","modified_gmt":"2026-03-18T17:44:14","slug":"freakin-love","status":"publish","type":"product","link":"https:\/\/laurencechevallier.com\/en\/product\/freakin-love\/","title":{"rendered":"FREAKIN&rsquo; LOVE"},"content":{"rendered":"","protected":false},"excerpt":{"rendered":"<p>Inclus :<br \/>\nUn magnet, une carte postale illustr\u00e9e par Nicolas Jamonneau, et un marque page sont offerts pour chaque roman.<\/p>\n<p>Dans la collection Bloody Black Pearl, d\u00e9couvrez des romances irr\u00e9v\u00e9rencieuses et sulfureuses, \u00e0 l&rsquo;humour d\u00e9capant !<br \/>\n(Chaque roman peut se lire ind\u00e9pendamment. Pour public majeur et averti.)<\/p>","protected":false},"featured_media":2108,"template":"","meta":[],"product_brand":[117],"product_cat":[112,101,94],"product_tag":[],"class_list":{"0":"post-1981","1":"product","2":"type-product","3":"status-publish","4":"has-post-thumbnail","6":"product_author-laurence-chevallier","7":"product_brand-black-queen-editions","8":"product_cat-comedie-romantique","9":"product_cat-new-romance","10":"product_cat-univers","12":"first","13":"instock","14":"taxable","15":"shipping-taxable","16":"purchasable","17":"product-type-woosg"},"aioseo_notices":[],"_links":{"self":[{"href":"https:\/\/laurencechevallier.com\/en\/wp-json\/wp\/v2\/product\/1981","targetHints":{"allow":["GET"]}}],"collection":[{"href":"https:\/\/laurencechevallier.com\/en\/wp-json\/wp\/v2\/product"}],"about":[{"href":"https:\/\/laurencechevallier.com\/en\/wp-json\/wp\/v2\/types\/product"}],"wp:featuredmedia":[{"embeddable":true,"href":"https:\/\/laurencechevallier.com\/en\/wp-json\/wp\/v2\/media\/2108"}],"wp:attachment":[{"href":"https:\/\/laurencechevallier.com\/en\/wp-json\/wp\/v2\/media?parent=1981"}],"wp:term":[{"taxonomy":"product_brand","embeddable":true,"href":"https:\/\/laurencechevallier.com\/en\/wp-json\/wp\/v2\/product_brand?post=1981"},{"taxonomy":"product_cat","embeddable":true,"href":"https:\/\/laurencechevallier.com\/en\/wp-json\/wp\/v2\/product_cat?post=1981"},{"taxonomy":"product_tag","embeddable":true,"href":"https:\/\/laurencechevallier.com\/en\/wp-json\/wp\/v2\/product_tag?post=1981"}],"curies":[{"name":"wp","href":"https:\/\/api.w.org\/{rel}","templated":true}]}}