{"id":1975,"date":"2021-07-08T05:04:23","date_gmt":"2021-07-08T03:04:23","guid":{"rendered":"https:\/\/seagreen-flamingo-673066.hostingersite.com\/?post_type=product&#038;p=1975"},"modified":"2026-03-24T14:35:12","modified_gmt":"2026-03-24T13:35:12","slug":"bloody-black-pearl-relie","status":"publish","type":"product","link":"https:\/\/laurencechevallier.com\/en\/product\/bloody-black-pearl-relie\/","title":{"rendered":"Bloody Black Pearl (Reli\u00e9)"},"content":{"rendered":"","protected":false},"excerpt":{"rendered":"<p>Inclus :<br \/>\nUn magnet, une carte postale illustr\u00e9e par Nicolas Jamonneau, et un marque page sont offerts.<\/p>\n<p>Bienvenue au Bloody Black Pearl !<br \/>\nQuand tu tourneras la premi\u00e8re page de ce livre, tu entreras dans le temple du Rock ! Un pub parisien o\u00f9 tout peut arriver. M\u00eame la rencontre de Tony, caissi\u00e8re et barmaid \u00e0 ses heures, et Max, un pilote de ligne surnomm\u00e9 \u00ab\u00a0Air Flight\u00a0\u00bb par celle qui va tourmenter sa vie bien rang\u00e9e.<br \/>\nSi tu aimes la musique et te marrer, alors pousse les portes du sanctuaire de la romance trash, de la com\u00e9die sur fond de rock.<br \/>\nSi tu as quelque chose contre les sc\u00e8nes sulfureuses et le langage fleuri, passe ton chemin. Ici, t\u2019es au Bloody Black Pearl, \u00e7a rocke s\u00e9v\u00e8re ! Au-del\u00e0 de la musique que crachent les enceintes, quel meilleur endroit pour trouver l\u2019amour\u2026<br \/>\nCelui qui nous tombe dessus.<br \/>\nCelui que l\u2019on ne pr\u00e9m\u00e9dite pas.<br \/>\nAu-del\u00e0 des diff\u00e9rences.<br \/>\nAu-del\u00e0 des pr\u00e9jug\u00e9s.<br \/>\nCelui de Max et Tony.<\/p>\n<p>Une romance irr\u00e9v\u00e9rencieuse \u00e0 l&rsquo;humour d\u00e9capant, destin\u00e9e \u00e0 un public majeur et averti. (One shot)<br \/>\nBest-seller : 15000 lecteurs d\u00e9j\u00e0 conquis !<\/p>","protected":false},"featured_media":2557,"template":"","meta":[],"product_brand":[117],"product_cat":[112,101,96],"product_tag":[],"class_list":{"0":"post-1975","1":"product","2":"type-product","3":"status-publish","4":"has-post-thumbnail","6":"product_author-laurence-chevallier","7":"product_brand-black-queen-editions","8":"product_cat-comedie-romantique","9":"product_cat-new-romance","10":"product_cat-relies","12":"first","13":"instock","14":"taxable","15":"shipping-taxable","16":"purchasable","17":"product-type-simple"},"aioseo_notices":[],"_links":{"self":[{"href":"https:\/\/laurencechevallier.com\/en\/wp-json\/wp\/v2\/product\/1975","targetHints":{"allow":["GET"]}}],"collection":[{"href":"https:\/\/laurencechevallier.com\/en\/wp-json\/wp\/v2\/product"}],"about":[{"href":"https:\/\/laurencechevallier.com\/en\/wp-json\/wp\/v2\/types\/product"}],"wp:featuredmedia":[{"embeddable":true,"href":"https:\/\/laurencechevallier.com\/en\/wp-json\/wp\/v2\/media\/2557"}],"wp:attachment":[{"href":"https:\/\/laurencechevallier.com\/en\/wp-json\/wp\/v2\/media?parent=1975"}],"wp:term":[{"taxonomy":"product_brand","embeddable":true,"href":"https:\/\/laurencechevallier.com\/en\/wp-json\/wp\/v2\/product_brand?post=1975"},{"taxonomy":"product_cat","embeddable":true,"href":"https:\/\/laurencechevallier.com\/en\/wp-json\/wp\/v2\/product_cat?post=1975"},{"taxonomy":"product_tag","embeddable":true,"href":"https:\/\/laurencechevallier.com\/en\/wp-json\/wp\/v2\/product_tag?post=1975"}],"curies":[{"name":"wp","href":"https:\/\/api.w.org\/{rel}","templated":true}]}}