{"id":1837,"date":"2025-10-17T04:01:13","date_gmt":"2025-10-17T02:01:13","guid":{"rendered":"https:\/\/seagreen-flamingo-673066.hostingersite.com\/?post_type=product&#038;p=1837"},"modified":"2026-03-18T18:44:14","modified_gmt":"2026-03-18T17:44:14","slug":"behind-mirrors","status":"publish","type":"product","link":"https:\/\/laurencechevallier.com\/en\/product\/behind-mirrors\/","title":{"rendered":"BEHIND MIRRORS"},"content":{"rendered":"","protected":false},"excerpt":{"rendered":"<p>Inclus :<br \/>\nUne carte postale en couleur, un magnet et un marque-page offerts.<\/p>\n<p>R\u00e9sum\u00e9 :\u00a0<br \/>\n&nbsp;<br \/>\n\u00ab Trois c\u0153urs, une vengeance et des d\u00e9sirs sans limites. Dans l\u2019antre du pouvoir et du plaisir, les fantasmes peuvent tuer. \u00bb\u00a0<br \/>\nApr\u00e8s dix-neuf ans de silence, Willow entre au manoir Redwood sous une fausse identit\u00e9, bien d\u00e9cid\u00e9e \u00e0 faire tomber ceux qui ont bris\u00e9 sa vie. Dans cette demeure aux allures de cage dor\u00e9e, o\u00f9 le club priv\u00e9\u00a0Mirror\u00a0promet des plaisirs interdits \u00e0 une \u00e9lite d\u00e9cadente, elle devient gouvernante&#8230; et proie.<br \/>\nMais son plan de vengeance vacille face au chef de la s\u00e9curit\u00e9, impitoyable et obs\u00e9dant, et \u00e0 un homme encore plus dangereux, capable de tout r\u00e9duire en cendres, y compris ses certitudes.<br \/>\nEntre domination, fascination et perte de contr\u00f4le, le jeu entre les trois devient br\u00fblant, sans retour possible.<br \/>\nMais dans cette passion \u00e0 fleur de peau, qui manipulera qui ?<br \/>\nEt jusqu\u2019o\u00f9 Willow est-elle pr\u00eate \u00e0 aller pour assouvir sa soif de revanche ?<br \/>\n&nbsp;<\/p>\n<p>&nbsp;<br \/>\nDark Romance mafia MMF (polyamour) destin\u00e9e \u00e0 un public majeur et averti.<\/p>","protected":false},"featured_media":2026,"template":"","meta":[],"product_brand":[117],"product_cat":[103,113,94],"product_tag":[],"class_list":{"0":"post-1837","1":"product","2":"type-product","3":"status-publish","4":"has-post-thumbnail","6":"product_author-laurence-chevallier","7":"product_brand-black-queen-editions","8":"product_cat-dark-romance","9":"product_cat-romance-lgbt","10":"product_cat-univers","12":"first","13":"instock","14":"taxable","15":"shipping-taxable","16":"purchasable","17":"product-type-woosg"},"aioseo_notices":[],"_links":{"self":[{"href":"https:\/\/laurencechevallier.com\/en\/wp-json\/wp\/v2\/product\/1837","targetHints":{"allow":["GET"]}}],"collection":[{"href":"https:\/\/laurencechevallier.com\/en\/wp-json\/wp\/v2\/product"}],"about":[{"href":"https:\/\/laurencechevallier.com\/en\/wp-json\/wp\/v2\/types\/product"}],"wp:featuredmedia":[{"embeddable":true,"href":"https:\/\/laurencechevallier.com\/en\/wp-json\/wp\/v2\/media\/2026"}],"wp:attachment":[{"href":"https:\/\/laurencechevallier.com\/en\/wp-json\/wp\/v2\/media?parent=1837"}],"wp:term":[{"taxonomy":"product_brand","embeddable":true,"href":"https:\/\/laurencechevallier.com\/en\/wp-json\/wp\/v2\/product_brand?post=1837"},{"taxonomy":"product_cat","embeddable":true,"href":"https:\/\/laurencechevallier.com\/en\/wp-json\/wp\/v2\/product_cat?post=1837"},{"taxonomy":"product_tag","embeddable":true,"href":"https:\/\/laurencechevallier.com\/en\/wp-json\/wp\/v2\/product_tag?post=1837"}],"curies":[{"name":"wp","href":"https:\/\/api.w.org\/{rel}","templated":true}]}}